{"id":411,"date":"2021-08-27T12:19:36","date_gmt":"2021-08-27T12:19:36","guid":{"rendered":"http:\/\/dummy.xtemos.com\/woodmart2\/elementor\/?post_type=product&#038;p=411"},"modified":"2026-02-25T16:58:11","modified_gmt":"2026-02-25T16:58:11","slug":"henectus-tincidunt","status":"publish","type":"product","link":"https:\/\/adentis-jewellery.com\/?product=henectus-tincidunt","title":{"rendered":"Prsten 1"},"content":{"rendered":"","protected":false},"excerpt":{"rendered":"<p class=\"p1\">Ovaj prsten donosi savr\u0161en spoj modernog dizajna i bezvremenske elegancije. Pa\u017eljivo oblikovan kako bi istaknuo ljepotu ruke, idealan je za svakodnevno no\u0161enje ili posebne prilike.<\/p>\n","protected":false},"featured_media":5083,"comment_status":"open","ping_status":"closed","template":"","meta":[],"product_brand":[79],"product_cat":[76],"product_tag":[],"class_list":{"0":"post-411","1":"product","2":"type-product","3":"status-publish","4":"has-post-thumbnail","6":"product_brand-brand-1","7":"product_cat-prsten","9":"first","10":"instock","11":"sale","12":"shipping-taxable","13":"purchasable","14":"product-type-simple"},"_links":{"self":[{"href":"https:\/\/adentis-jewellery.com\/index.php?rest_route=\/wp\/v2\/product\/411","targetHints":{"allow":["GET"]}}],"collection":[{"href":"https:\/\/adentis-jewellery.com\/index.php?rest_route=\/wp\/v2\/product"}],"about":[{"href":"https:\/\/adentis-jewellery.com\/index.php?rest_route=\/wp\/v2\/types\/product"}],"replies":[{"embeddable":true,"href":"https:\/\/adentis-jewellery.com\/index.php?rest_route=%2Fwp%2Fv2%2Fcomments&post=411"}],"version-history":[{"count":4,"href":"https:\/\/adentis-jewellery.com\/index.php?rest_route=\/wp\/v2\/product\/411\/revisions"}],"predecessor-version":[{"id":29076,"href":"https:\/\/adentis-jewellery.com\/index.php?rest_route=\/wp\/v2\/product\/411\/revisions\/29076"}],"wp:featuredmedia":[{"embeddable":true,"href":"https:\/\/adentis-jewellery.com\/index.php?rest_route=\/wp\/v2\/media\/5083"}],"wp:attachment":[{"href":"https:\/\/adentis-jewellery.com\/index.php?rest_route=%2Fwp%2Fv2%2Fmedia&parent=411"}],"wp:term":[{"taxonomy":"product_brand","embeddable":true,"href":"https:\/\/adentis-jewellery.com\/index.php?rest_route=%2Fwp%2Fv2%2Fproduct_brand&post=411"},{"taxonomy":"product_cat","embeddable":true,"href":"https:\/\/adentis-jewellery.com\/index.php?rest_route=%2Fwp%2Fv2%2Fproduct_cat&post=411"},{"taxonomy":"product_tag","embeddable":true,"href":"https:\/\/adentis-jewellery.com\/index.php?rest_route=%2Fwp%2Fv2%2Fproduct_tag&post=411"}],"curies":[{"name":"wp","href":"https:\/\/api.w.org\/{rel}","templated":true}]}}